{"id":542,"date":"2018-11-11T13:51:32","date_gmt":"2018-11-11T11:51:32","guid":{"rendered":"https:\/\/strandrestaurant-hasselberg.de\/?page_id=542"},"modified":"2025-10-24T13:33:05","modified_gmt":"2025-10-24T11:33:05","slug":"jobs","status":"publish","type":"page","link":"https:\/\/strandrestaurant-hasselberg.de\/index.php\/jobs\/","title":{"rendered":"Jobs"},"content":{"rendered":"<h1><img fetchpriority=\"high\" decoding=\"async\" class=\"wp-image-1469  alignright\" src=\"https:\/\/strandrestaurant-hasselberg.de\/wp-content\/uploads\/2020\/07\/kisspng-waiter-drink-chef-clip-art-waiter-5acb6fd1807677.8713384615232818735262-661x1024.png\" alt=\"\" width=\"232\" height=\"359\" srcset=\"https:\/\/strandrestaurant-hasselberg.de\/wp-content\/uploads\/2020\/07\/kisspng-waiter-drink-chef-clip-art-waiter-5acb6fd1807677.8713384615232818735262-661x1024.png 661w, https:\/\/strandrestaurant-hasselberg.de\/wp-content\/uploads\/2020\/07\/kisspng-waiter-drink-chef-clip-art-waiter-5acb6fd1807677.8713384615232818735262-194x300.png 194w, https:\/\/strandrestaurant-hasselberg.de\/wp-content\/uploads\/2020\/07\/kisspng-waiter-drink-chef-clip-art-waiter-5acb6fd1807677.8713384615232818735262-768x1190.png 768w, https:\/\/strandrestaurant-hasselberg.de\/wp-content\/uploads\/2020\/07\/kisspng-waiter-drink-chef-clip-art-waiter-5acb6fd1807677.8713384615232818735262-992x1536.png 992w, https:\/\/strandrestaurant-hasselberg.de\/wp-content\/uploads\/2020\/07\/kisspng-waiter-drink-chef-clip-art-waiter-5acb6fd1807677.8713384615232818735262-1322x2048.png 1322w, https:\/\/strandrestaurant-hasselberg.de\/wp-content\/uploads\/2020\/07\/kisspng-waiter-drink-chef-clip-art-waiter-5acb6fd1807677.8713384615232818735262.png 1838w\" sizes=\"(max-width: 232px) 100vw, 232px\" \/><\/h1>\n<h1>Auch f\u00fcr 2026 &#8211; suchen wir dich!<\/h1>\n<div class=\"\" dir=\"auto\">\n<div id=\"jsc_c_jp\" class=\"ecm0bbzt hv4rvrfc ihqw7lf3 dati1w0a\" data-ad-comet-preview=\"message\" data-ad-preview=\"message\">\n<div class=\"j83agx80 cbu4d94t ew0dbk1b irj2b8pg\">\n<div class=\"qzhwtbm6 knvmm38d\">\n<div class=\"kvgmc6g5 cxmmr5t8 oygrvhab hcukyx3x c1et5uql ii04i59q\">\n<div dir=\"auto\">Wir suchen dich!<\/div>\n<div dir=\"auto\">F\u00fcr die Saison 2026 (April &#8211; Oktober) suchen wir wieder Verst\u00e4rkung f\u00fcr unser Restaurant (Service, K\u00fcche (Koch sowie K\u00fcchenhilfe) und Imbissverkauf, Reinigungskraft f\u00fcr Strandrestaurant Hasselberg.<\/div>\n<div dir=\"auto\"><\/div>\n<div dir=\"auto\">Gesucht werden Aushilfen (556\u20ac) oder Vollzeit Tages oder Abendschicht, kein Teildienst, sowie f\u00fcr Veranstaltungen. Arbeitszeit nach Absprache. Gehalt nach Absprache (Gute Bezahlung).<\/div>\n<\/div>\n<div class=\"o9v6fnle cxmmr5t8 oygrvhab hcukyx3x c1et5uql ii04i59q\">\n<div dir=\"auto\"><\/div>\n<div dir=\"auto\"><strong>Koch\/Jungkoch<\/strong>: \u00dcbliche T\u00e4tigkeiten, Zubereitung von Speisen, Deutsche K\u00fcche<\/div>\n<\/div>\n<div class=\"o9v6fnle cxmmr5t8 oygrvhab hcukyx3x c1et5uql ii04i59q\">\n<div dir=\"auto\"><\/div>\n<div dir=\"auto\"><strong>K\u00fcchenhilfe<\/strong> (m\/w\/d) Abwaschen, anrichten von Beilagen Zubereitung (Pommes, Kroketten usw.) Teller anrichten, Salateschneiden, und weitere \u00fcbliche T\u00e4tigkeiten, Hygiene und sauberes Arbeiten vorausgesetzt.<\/div>\n<\/div>\n<div class=\"o9v6fnle cxmmr5t8 oygrvhab hcukyx3x c1et5uql ii04i59q\">\n<div dir=\"auto\"><\/div>\n<div dir=\"auto\"><strong>F\u00fcr den Imbiss<\/strong> (m\/w\/d) Verkauf und Zubereitung von Speisen und Getr\u00e4nken) und weitere \u00fcbliche T\u00e4tigkeiten, Hygiene und sauberes Arbeiten vorausgesetzt.<\/div>\n<\/div>\n<div class=\"o9v6fnle cxmmr5t8 oygrvhab hcukyx3x c1et5uql ii04i59q\">\n<div dir=\"auto\"><\/div>\n<div dir=\"auto\"><strong>Servicepersonal<\/strong> (m\/w\/d) \u2013 Umgang mit G\u00e4sten, kassieren, Zubereiten von Getr\u00e4nken, servieren von Speisen und Getr\u00e4nke. Erfahrung in den Bereichen sind W\u00fcnschenswert, doch nicht zwingend n\u00f6tig.<\/div>\n<div dir=\"auto\"><\/div>\n<div dir=\"auto\">Anlernen m\u00f6glich\u2026<\/div>\n<div dir=\"auto\"><\/div>\n<div dir=\"auto\">Gepflegtes Erscheinungsbild, sauberes arbeiten.<\/div>\n<\/div>\n<div class=\"o9v6fnle cxmmr5t8 oygrvhab hcukyx3x c1et5uql ii04i59q\">\n<div dir=\"auto\">Arbeiten mit Kassensystem und Ordermann<\/div>\n<div dir=\"auto\"><\/div>\n<\/div>\n<div class=\"o9v6fnle cxmmr5t8 oygrvhab hcukyx3x c1et5uql ii04i59q\">\n<div dir=\"auto\">Reinigungskraft f\u00fcr 3-4 Tage die Woche, f\u00fcr 1- 2 Std am Tag vormittags.<\/div>\n<\/div>\n<div class=\"o9v6fnle cxmmr5t8 oygrvhab hcukyx3x c1et5uql ii04i59q\">\n<div dir=\"auto\"><\/div>\n<div dir=\"auto\">Bewerbung unter der Telefonnummer: 0174-6993731<\/div>\n<div dir=\"auto\">Mail: <a href=\"mailto:info@strandrestaurant-hasselberg.de\">klick<\/a><\/div>\n<div dir=\"auto\">Wir freuen uns auf euch in 2026<\/div>\n<div dir=\"auto\">Drecht 7, 24376 Hasselberg<\/div>\n<\/div>\n<\/div>\n<\/div>\n<\/div>\n<\/div>\n","protected":false},"excerpt":{"rendered":"<p>Auch f\u00fcr 2026 &#8211; suchen wir dich! Wir suchen dich! F\u00fcr die Saison 2026 (April &#8211; Oktober) suchen wir wieder Verst\u00e4rkung f\u00fcr unser Restaurant (Service, K\u00fcche (Koch sowie K\u00fcchenhilfe) und Imbissverkauf, Reinigungskraft f\u00fcr Strandrestaurant Hasselberg. Gesucht werden Aushilfen (556\u20ac) oder Vollzeit Tages oder Abendschicht, kein Teildienst, sowie f\u00fcr Veranstaltungen. Arbeitszeit nach Absprache. Gehalt nach Absprache <a href=\"https:\/\/strandrestaurant-hasselberg.de\/index.php\/jobs\/\" class=\"more-link\">[&hellip;]<\/a><\/p>\n","protected":false},"author":1,"featured_media":0,"parent":0,"menu_order":6,"comment_status":"closed","ping_status":"closed","template":"","meta":{"footnotes":""},"class_list":["post-542","page","type-page","status-publish","hentry"],"_links":{"self":[{"href":"https:\/\/strandrestaurant-hasselberg.de\/index.php\/wp-json\/wp\/v2\/pages\/542","targetHints":{"allow":["GET"]}}],"collection":[{"href":"https:\/\/strandrestaurant-hasselberg.de\/index.php\/wp-json\/wp\/v2\/pages"}],"about":[{"href":"https:\/\/strandrestaurant-hasselberg.de\/index.php\/wp-json\/wp\/v2\/types\/page"}],"author":[{"embeddable":true,"href":"https:\/\/strandrestaurant-hasselberg.de\/index.php\/wp-json\/wp\/v2\/users\/1"}],"replies":[{"embeddable":true,"href":"https:\/\/strandrestaurant-hasselberg.de\/index.php\/wp-json\/wp\/v2\/comments?post=542"}],"version-history":[{"count":29,"href":"https:\/\/strandrestaurant-hasselberg.de\/index.php\/wp-json\/wp\/v2\/pages\/542\/revisions"}],"predecessor-version":[{"id":3317,"href":"https:\/\/strandrestaurant-hasselberg.de\/index.php\/wp-json\/wp\/v2\/pages\/542\/revisions\/3317"}],"wp:attachment":[{"href":"https:\/\/strandrestaurant-hasselberg.de\/index.php\/wp-json\/wp\/v2\/media?parent=542"}],"curies":[{"name":"wp","href":"https:\/\/api.w.org\/{rel}","templated":true}]}}